{"id":14360,"date":"2024-07-09T15:08:13","date_gmt":"2024-07-09T14:08:13","guid":{"rendered":"https:\/\/academia-software.com\/?page_id=14360"},"modified":"2026-04-18T22:05:50","modified_gmt":"2026-04-18T21:05:50","slug":"instalacoes","status":"publish","type":"page","link":"https:\/\/academia-software.com\/?page_id=14360","title":{"rendered":"Instala\u00e7\u00f5es"},"content":{"rendered":"\t\t<div data-elementor-type=\"wp-page\" data-elementor-id=\"14360\" class=\"elementor elementor-14360\" data-elementor-post-type=\"page\">\n\t\t\t\t\t\t<section class=\"elementor-section elementor-top-section elementor-element elementor-element-701388c8 elementor-section-boxed elementor-section-height-default elementor-section-height-default wpr-particle-no wpr-jarallax-no wpr-parallax-no wpr-sticky-section-no wpr-equal-height-no\" data-id=\"701388c8\" data-element_type=\"section\" data-e-type=\"section\">\n\t\t\t\t\t\t<div class=\"elementor-container elementor-column-gap-default\">\n\t\t\t\t\t<div class=\"elementor-column elementor-col-100 elementor-top-column elementor-element elementor-element-1514569c\" data-id=\"1514569c\" data-element_type=\"column\" data-e-type=\"column\">\n\t\t\t<div class=\"elementor-widget-wrap elementor-element-populated\">\n\t\t\t\t\t\t<div class=\"elementor-element elementor-element-5ae3d404 elementor-widget elementor-widget-text-editor\" data-id=\"5ae3d404\" data-element_type=\"widget\" data-e-type=\"widget\" data-widget_type=\"text-editor.default\">\n\t\t\t\t<div class=\"elementor-widget-container\">\n\t\t\t\t\t\t\t\t\t\n<div id=\"wp-block-themeisle-blocks-advanced-columns-08577469\" class=\"wp-block-themeisle-blocks-advanced-columns has-0-columns has-desktop-undefined-layout has-tablet-equal-layout has-mobile-equal-layout has-vertical-unset\"><div class=\"wp-block-themeisle-blocks-advanced-columns-overlay\"><\/div><div class=\"innerblocks-wrap\"><\/div><\/div>\n\t\t\t\t\t\t\t\t<\/div>\n\t\t\t\t<\/div>\n\t\t\t\t\t<\/div>\n\t\t<\/div>\n\t\t\t\t\t<\/div>\n\t\t<\/section>\n\t\t<div data-wpr-particles=\"{&quot;particles&quot;:{&quot;number&quot;:{&quot;value&quot;:80,&quot;density&quot;:{&quot;enable&quot;:true,&quot;value_area&quot;:800}},&quot;color&quot;:{&quot;value&quot;:&quot;#000000&quot;},&quot;shape&quot;:{&quot;type&quot;:&quot;circle&quot;,&quot;stroke&quot;:{&quot;width&quot;:0,&quot;color&quot;:&quot;#000000&quot;},&quot;polygon&quot;:{&quot;nb_sides&quot;:5},&quot;image&quot;:{&quot;src&quot;:&quot;img\/github.svg&quot;,&quot;width&quot;:100,&quot;height&quot;:100}},&quot;opacity&quot;:{&quot;value&quot;:0.5,&quot;random&quot;:false,&quot;anim&quot;:{&quot;enable&quot;:false,&quot;speed&quot;:1,&quot;opacity_min&quot;:0.1,&quot;sync&quot;:false}},&quot;size&quot;:{&quot;value&quot;:3,&quot;random&quot;:true,&quot;anim&quot;:{&quot;enable&quot;:false,&quot;speed&quot;:40,&quot;size_min&quot;:0.1,&quot;sync&quot;:false}},&quot;line_linked&quot;:{&quot;enable&quot;:true,&quot;distance&quot;:150,&quot;color&quot;:&quot;#000000&quot;,&quot;opacity&quot;:0.4,&quot;width&quot;:1},&quot;move&quot;:{&quot;enable&quot;:true,&quot;speed&quot;:6,&quot;direction&quot;:&quot;none&quot;,&quot;random&quot;:false,&quot;straight&quot;:false,&quot;out_mode&quot;:&quot;out&quot;,&quot;bounce&quot;:false,&quot;attract&quot;:{&quot;enable&quot;:false,&quot;rotateX&quot;:600,&quot;rotateY&quot;:1200}}},&quot;interactivity&quot;:{&quot;detect_on&quot;:&quot;window&quot;,&quot;events&quot;:{&quot;onhover&quot;:{&quot;enable&quot;:true,&quot;mode&quot;:&quot;repulse&quot;},&quot;onclick&quot;:{&quot;enable&quot;:true,&quot;mode&quot;:&quot;push&quot;},&quot;resize&quot;:true},&quot;modes&quot;:{&quot;grab&quot;:{&quot;distance&quot;:400,&quot;line_linked&quot;:{&quot;opacity&quot;:1}},&quot;bubble&quot;:{&quot;distance&quot;:400,&quot;size&quot;:40,&quot;duration&quot;:2,&quot;opacity&quot;:8,&quot;speed&quot;:3},&quot;repulse&quot;:{&quot;distance&quot;:200,&quot;duration&quot;:0.4},&quot;push&quot;:{&quot;particles_nb&quot;:4},&quot;remove&quot;:{&quot;particles_nb&quot;:2}}},&quot;retina_detect&quot;:true}\" particle-source=\"wpr_particle_json_custom\" class=\"elementor-element elementor-element-c01c387 wpr-particle-yes e-flex e-con-boxed wpr-jarallax-no wpr-parallax-no wpr-sticky-section-no wpr-equal-height-no e-con e-parent\" data-id=\"c01c387\" data-element_type=\"container\" data-e-type=\"container\" data-settings=\"{&quot;background_background&quot;:&quot;classic&quot;}\">\n\t\t\t\t\t<div class=\"e-con-inner\">\n\t\t\t\t<div class=\"elementor-element elementor-element-a642c14 elementor-widget elementor-widget-heading\" data-id=\"a642c14\" data-element_type=\"widget\" data-e-type=\"widget\" data-widget_type=\"heading.default\">\n\t\t\t\t<div class=\"elementor-widget-container\">\n\t\t\t\t\t<h2 class=\"elementor-heading-title elementor-size-default\">GALERIAS<\/h2>\t\t\t\t<\/div>\n\t\t\t\t<\/div>\n\t\t\t\t<div class=\"elementor-element elementor-element-cd296db elementor-widget elementor-widget-heading\" data-id=\"cd296db\" data-element_type=\"widget\" data-e-type=\"widget\" data-widget_type=\"heading.default\">\n\t\t\t\t<div class=\"elementor-widget-container\">\n\t\t\t\t\t<h1 class=\"elementor-heading-title elementor-size-default\">INSTALA\u00c7\u00d5ES<\/h1>\t\t\t\t<\/div>\n\t\t\t\t<\/div>\n\t\t\t\t\t<\/div>\n\t\t\t\t<\/div>\n\t\t<div class=\"elementor-element elementor-element-4fa3e41 e-flex e-con-boxed wpr-particle-no wpr-jarallax-no wpr-parallax-no wpr-sticky-section-no wpr-equal-height-no e-con e-parent\" data-id=\"4fa3e41\" data-element_type=\"container\" data-e-type=\"container\">\n\t\t\t\t\t<div class=\"e-con-inner\">\n\t\t\t\t<div class=\"elementor-element elementor-element-976001f gallery-spacing-custom elementor-widget elementor-widget-image-gallery\" data-id=\"976001f\" data-element_type=\"widget\" data-e-type=\"widget\" data-widget_type=\"image-gallery.default\">\n\t\t\t\t<div class=\"elementor-widget-container\">\n\t\t\t\t\t\t\t<div class=\"elementor-image-gallery\">\n\t\t\t<div id='gallery-1' class='gallery galleryid-14360 gallery-columns-3 gallery-size-thumbnail'><figure class='gallery-item'>\n\t\t\t<div class='gallery-icon landscape'>\n\t\t\t\t<a data-elementor-open-lightbox=\"yes\" data-elementor-lightbox-slideshow=\"976001f\" data-elementor-lightbox-title=\"IMG_9808\" data-e-action-hash=\"#elementor-action%3Aaction%3Dlightbox%26settings%3DeyJpZCI6MTUzMzMsInVybCI6Imh0dHBzOlwvXC9hY2FkZW1pYS1zb2Z0d2FyZS5jb21cL3dwLWNvbnRlbnRcL3VwbG9hZHNcLzIwMjRcLzExXC9JTUdfOTgwOF9sd3NvcHRpbWl6ZWQud2VicCIsInNsaWRlc2hvdyI6Ijk3NjAwMWYifQ%3D%3D\" href='https:\/\/academia-software.com\/wp-content\/uploads\/2024\/11\/IMG_9808_lwsoptimized.webp'><img width=\"150\" height=\"150\"  class=\"attachment-thumbnail size-thumbnail lws-optimize-lazyload\" alt=\"\" \/ data-src=\"https:\/\/academia-software.com\/wp-content\/uploads\/2024\/11\/IMG_9808_lwsoptimized-150x150.webp\"><\/a>\n\t\t\t<\/div><\/figure><figure class='gallery-item'>\n\t\t\t<div class='gallery-icon landscape'>\n\t\t\t\t<a data-elementor-open-lightbox=\"yes\" data-elementor-lightbox-slideshow=\"976001f\" data-elementor-lightbox-title=\"IMG_9833\" data-e-action-hash=\"#elementor-action%3Aaction%3Dlightbox%26settings%3DeyJpZCI6MTUzMzIsInVybCI6Imh0dHBzOlwvXC9hY2FkZW1pYS1zb2Z0d2FyZS5jb21cL3dwLWNvbnRlbnRcL3VwbG9hZHNcLzIwMjRcLzExXC9JTUdfOTgzM19sd3NvcHRpbWl6ZWQud2VicCIsInNsaWRlc2hvdyI6Ijk3NjAwMWYifQ%3D%3D\" href='https:\/\/academia-software.com\/wp-content\/uploads\/2024\/11\/IMG_9833_lwsoptimized.webp'><img width=\"150\" height=\"150\"  class=\"attachment-thumbnail size-thumbnail lws-optimize-lazyload\" alt=\"\" \/ data-src=\"https:\/\/academia-software.com\/wp-content\/uploads\/2024\/11\/IMG_9833_lwsoptimized-150x150.webp\"><\/a>\n\t\t\t<\/div><\/figure><figure class='gallery-item'>\n\t\t\t<div class='gallery-icon landscape'>\n\t\t\t\t<a data-elementor-open-lightbox=\"yes\" data-elementor-lightbox-slideshow=\"976001f\" data-elementor-lightbox-title=\"IMG_9829\" data-e-action-hash=\"#elementor-action%3Aaction%3Dlightbox%26settings%3DeyJpZCI6MTUzMzEsInVybCI6Imh0dHBzOlwvXC9hY2FkZW1pYS1zb2Z0d2FyZS5jb21cL3dwLWNvbnRlbnRcL3VwbG9hZHNcLzIwMjRcLzExXC9JTUdfOTgyOV9sd3NvcHRpbWl6ZWQud2VicCIsInNsaWRlc2hvdyI6Ijk3NjAwMWYifQ%3D%3D\" href='https:\/\/academia-software.com\/wp-content\/uploads\/2024\/11\/IMG_9829_lwsoptimized.webp'><img width=\"150\" height=\"150\"  class=\"attachment-thumbnail size-thumbnail lws-optimize-lazyload\" alt=\"\" \/ data-src=\"https:\/\/academia-software.com\/wp-content\/uploads\/2024\/11\/IMG_9829_lwsoptimized-150x150.webp\"><\/a>\n\t\t\t<\/div><\/figure><figure class='gallery-item'>\n\t\t\t<div class='gallery-icon landscape'>\n\t\t\t\t<a data-elementor-open-lightbox=\"yes\" data-elementor-lightbox-slideshow=\"976001f\" data-elementor-lightbox-title=\"IMG_9825\" data-e-action-hash=\"#elementor-action%3Aaction%3Dlightbox%26settings%3DeyJpZCI6MTUzMzAsInVybCI6Imh0dHBzOlwvXC9hY2FkZW1pYS1zb2Z0d2FyZS5jb21cL3dwLWNvbnRlbnRcL3VwbG9hZHNcLzIwMjRcLzExXC9JTUdfOTgyNV9sd3NvcHRpbWl6ZWQud2VicCIsInNsaWRlc2hvdyI6Ijk3NjAwMWYifQ%3D%3D\" href='https:\/\/academia-software.com\/wp-content\/uploads\/2024\/11\/IMG_9825_lwsoptimized.webp'><img loading=\"lazy\" width=\"150\" height=\"150\"  class=\"attachment-thumbnail size-thumbnail lws-optimize-lazyload\" alt=\"\" \/ data-src=\"https:\/\/academia-software.com\/wp-content\/uploads\/2024\/11\/IMG_9825_lwsoptimized-150x150.webp\"><\/a>\n\t\t\t<\/div><\/figure><figure class='gallery-item'>\n\t\t\t<div class='gallery-icon landscape'>\n\t\t\t\t<a data-elementor-open-lightbox=\"yes\" data-elementor-lightbox-slideshow=\"976001f\" data-elementor-lightbox-title=\"IMG_9817\" data-e-action-hash=\"#elementor-action%3Aaction%3Dlightbox%26settings%3DeyJpZCI6MTUzMjksInVybCI6Imh0dHBzOlwvXC9hY2FkZW1pYS1zb2Z0d2FyZS5jb21cL3dwLWNvbnRlbnRcL3VwbG9hZHNcLzIwMjRcLzExXC9JTUdfOTgxN19sd3NvcHRpbWl6ZWQud2VicCIsInNsaWRlc2hvdyI6Ijk3NjAwMWYifQ%3D%3D\" href='https:\/\/academia-software.com\/wp-content\/uploads\/2024\/11\/IMG_9817_lwsoptimized.webp'><img loading=\"lazy\" width=\"150\" height=\"150\"  class=\"attachment-thumbnail size-thumbnail lws-optimize-lazyload\" alt=\"\" \/ data-src=\"https:\/\/academia-software.com\/wp-content\/uploads\/2024\/11\/IMG_9817_lwsoptimized-150x150.webp\"><\/a>\n\t\t\t<\/div><\/figure><figure class='gallery-item'>\n\t\t\t<div class='gallery-icon landscape'>\n\t\t\t\t<a data-elementor-open-lightbox=\"yes\" data-elementor-lightbox-slideshow=\"976001f\" data-elementor-lightbox-title=\"IMG_9812\" data-e-action-hash=\"#elementor-action%3Aaction%3Dlightbox%26settings%3DeyJpZCI6MTUzMjgsInVybCI6Imh0dHBzOlwvXC9hY2FkZW1pYS1zb2Z0d2FyZS5jb21cL3dwLWNvbnRlbnRcL3VwbG9hZHNcLzIwMjRcLzExXC9JTUdfOTgxMl9sd3NvcHRpbWl6ZWQud2VicCIsInNsaWRlc2hvdyI6Ijk3NjAwMWYifQ%3D%3D\" href='https:\/\/academia-software.com\/wp-content\/uploads\/2024\/11\/IMG_9812_lwsoptimized.webp'><img loading=\"lazy\" width=\"150\" height=\"150\"  class=\"attachment-thumbnail size-thumbnail lws-optimize-lazyload\" alt=\"\" \/ data-src=\"https:\/\/academia-software.com\/wp-content\/uploads\/2024\/11\/IMG_9812_lwsoptimized-150x150.webp\"><\/a>\n\t\t\t<\/div><\/figure>\n\t\t<\/div>\n\t\t<\/div>\n\t\t\t\t\t\t<\/div>\n\t\t\t\t<\/div>\n\t\t\t\t\t<\/div>\n\t\t\t\t<\/div>\n\t\t\t\t<\/div>\n\t\t","protected":false},"excerpt":{"rendered":"<p>GALERIAS INSTALA\u00c7\u00d5ES<\/p>\n","protected":false},"author":2,"featured_media":0,"parent":0,"menu_order":0,"comment_status":"closed","ping_status":"closed","template":"","meta":{"footnotes":""},"class_list":["post-14360","page","type-page","status-publish","hentry"],"yoast_head":"<!-- This site is optimized with the Yoast SEO plugin v27.4 - https:\/\/yoast.com\/product\/yoast-seo-wordpress\/ -->\n<title>Instala\u00e7\u00f5es - Academia de Software<\/title>\n<meta name=\"robots\" content=\"index, follow, max-snippet:-1, max-image-preview:large, max-video-preview:-1\" \/>\n<link rel=\"canonical\" href=\"https:\/\/academia-software.com\/?page_id=14360\" \/>\n<meta property=\"og:locale\" content=\"pt_PT\" \/>\n<meta property=\"og:type\" content=\"article\" \/>\n<meta property=\"og:title\" content=\"Instala\u00e7\u00f5es - Academia de Software\" \/>\n<meta property=\"og:description\" content=\"GALERIAS INSTALA\u00c7\u00d5ES\" \/>\n<meta property=\"og:url\" content=\"https:\/\/academia-software.com\/?page_id=14360\" \/>\n<meta property=\"og:site_name\" content=\"Academia de Software\" \/>\n<meta property=\"article:publisher\" content=\"https:\/\/www.facebook.com\/academiasoftware\" \/>\n<meta property=\"article:modified_time\" content=\"2026-04-18T21:05:50+00:00\" \/>\n<meta property=\"og:image\" content=\"https:\/\/academia-software.com\/wp-content\/uploads\/2025\/05\/Col-3-150x150.gif\" \/>\n<script type=\"application\/ld+json\" class=\"yoast-schema-graph\">{\"@context\":\"https:\\\/\\\/schema.org\",\"@graph\":[{\"@type\":\"WebPage\",\"@id\":\"https:\\\/\\\/academia-software.com\\\/?page_id=14360\",\"url\":\"https:\\\/\\\/academia-software.com\\\/?page_id=14360\",\"name\":\"Instala\u00e7\u00f5es - Academia de Software\",\"isPartOf\":{\"@id\":\"https:\\\/\\\/academia-software.com\\\/#website\"},\"primaryImageOfPage\":{\"@id\":\"https:\\\/\\\/academia-software.com\\\/?page_id=14360#primaryimage\"},\"image\":{\"@id\":\"https:\\\/\\\/academia-software.com\\\/?page_id=14360#primaryimage\"},\"thumbnailUrl\":\"https:\\\/\\\/academia-software.com\\\/wp-content\\\/uploads\\\/2025\\\/05\\\/Col-3-150x150.gif\",\"datePublished\":\"2024-07-09T14:08:13+00:00\",\"dateModified\":\"2026-04-18T21:05:50+00:00\",\"breadcrumb\":{\"@id\":\"https:\\\/\\\/academia-software.com\\\/?page_id=14360#breadcrumb\"},\"inLanguage\":\"pt-PT\",\"potentialAction\":[{\"@type\":\"ReadAction\",\"target\":[\"https:\\\/\\\/academia-software.com\\\/?page_id=14360\"]}]},{\"@type\":\"ImageObject\",\"inLanguage\":\"pt-PT\",\"@id\":\"https:\\\/\\\/academia-software.com\\\/?page_id=14360#primaryimage\",\"url\":\"\",\"contentUrl\":\"\"},{\"@type\":\"BreadcrumbList\",\"@id\":\"https:\\\/\\\/academia-software.com\\\/?page_id=14360#breadcrumb\",\"itemListElement\":[{\"@type\":\"ListItem\",\"position\":1,\"name\":\"In\u00edcio\",\"item\":\"https:\\\/\\\/academia-software.com\\\/\"},{\"@type\":\"ListItem\",\"position\":2,\"name\":\"Instala\u00e7\u00f5es\"}]},{\"@type\":\"WebSite\",\"@id\":\"https:\\\/\\\/academia-software.com\\\/#website\",\"url\":\"https:\\\/\\\/academia-software.com\\\/\",\"name\":\"Academia de Software\",\"description\":\"Forma\u00e7\u00e3o Profissional\",\"publisher\":{\"@id\":\"https:\\\/\\\/academia-software.com\\\/#organization\"},\"alternateName\":\"Academia de Software :: A better way to learn\",\"potentialAction\":[{\"@type\":\"SearchAction\",\"target\":{\"@type\":\"EntryPoint\",\"urlTemplate\":\"https:\\\/\\\/academia-software.com\\\/?s={search_term_string}\"},\"query-input\":{\"@type\":\"PropertyValueSpecification\",\"valueRequired\":true,\"valueName\":\"search_term_string\"}}],\"inLanguage\":\"pt-PT\"},{\"@type\":\"Organization\",\"@id\":\"https:\\\/\\\/academia-software.com\\\/#organization\",\"name\":\"Academia de Software\",\"alternateName\":\"Academia de Software Lda.\",\"url\":\"https:\\\/\\\/academia-software.com\\\/\",\"logo\":{\"@type\":\"ImageObject\",\"inLanguage\":\"pt-PT\",\"@id\":\"https:\\\/\\\/academia-software.com\\\/#\\\/schema\\\/logo\\\/image\\\/\",\"url\":\"\",\"contentUrl\":\"\",\"caption\":\"Academia de Software\"},\"image\":{\"@id\":\"https:\\\/\\\/academia-software.com\\\/#\\\/schema\\\/logo\\\/image\\\/\"},\"sameAs\":[\"https:\\\/\\\/www.facebook.com\\\/academiasoftware\"]}]}<\/script>\n<!-- \/ Yoast SEO plugin. -->","yoast_head_json":{"title":"Instala\u00e7\u00f5es - Academia de Software","robots":{"index":"index","follow":"follow","max-snippet":"max-snippet:-1","max-image-preview":"max-image-preview:large","max-video-preview":"max-video-preview:-1"},"canonical":"https:\/\/academia-software.com\/?page_id=14360","og_locale":"pt_PT","og_type":"article","og_title":"Instala\u00e7\u00f5es - Academia de Software","og_description":"GALERIAS INSTALA\u00c7\u00d5ES","og_url":"https:\/\/academia-software.com\/?page_id=14360","og_site_name":"Academia de Software","article_publisher":"https:\/\/www.facebook.com\/academiasoftware","article_modified_time":"2026-04-18T21:05:50+00:00","og_image":[{"url":"https:\/\/academia-software.com\/wp-content\/uploads\/2025\/05\/Col-3-150x150.gif","type":"","width":"","height":""}],"schema":{"@context":"https:\/\/schema.org","@graph":[{"@type":"WebPage","@id":"https:\/\/academia-software.com\/?page_id=14360","url":"https:\/\/academia-software.com\/?page_id=14360","name":"Instala\u00e7\u00f5es - Academia de Software","isPartOf":{"@id":"https:\/\/academia-software.com\/#website"},"primaryImageOfPage":{"@id":"https:\/\/academia-software.com\/?page_id=14360#primaryimage"},"image":{"@id":"https:\/\/academia-software.com\/?page_id=14360#primaryimage"},"thumbnailUrl":"https:\/\/academia-software.com\/wp-content\/uploads\/2025\/05\/Col-3-150x150.gif","datePublished":"2024-07-09T14:08:13+00:00","dateModified":"2026-04-18T21:05:50+00:00","breadcrumb":{"@id":"https:\/\/academia-software.com\/?page_id=14360#breadcrumb"},"inLanguage":"pt-PT","potentialAction":[{"@type":"ReadAction","target":["https:\/\/academia-software.com\/?page_id=14360"]}]},{"@type":"ImageObject","inLanguage":"pt-PT","@id":"https:\/\/academia-software.com\/?page_id=14360#primaryimage","url":"","contentUrl":""},{"@type":"BreadcrumbList","@id":"https:\/\/academia-software.com\/?page_id=14360#breadcrumb","itemListElement":[{"@type":"ListItem","position":1,"name":"In\u00edcio","item":"https:\/\/academia-software.com\/"},{"@type":"ListItem","position":2,"name":"Instala\u00e7\u00f5es"}]},{"@type":"WebSite","@id":"https:\/\/academia-software.com\/#website","url":"https:\/\/academia-software.com\/","name":"Academia de Software","description":"Forma\u00e7\u00e3o Profissional","publisher":{"@id":"https:\/\/academia-software.com\/#organization"},"alternateName":"Academia de Software :: A better way to learn","potentialAction":[{"@type":"SearchAction","target":{"@type":"EntryPoint","urlTemplate":"https:\/\/academia-software.com\/?s={search_term_string}"},"query-input":{"@type":"PropertyValueSpecification","valueRequired":true,"valueName":"search_term_string"}}],"inLanguage":"pt-PT"},{"@type":"Organization","@id":"https:\/\/academia-software.com\/#organization","name":"Academia de Software","alternateName":"Academia de Software Lda.","url":"https:\/\/academia-software.com\/","logo":{"@type":"ImageObject","inLanguage":"pt-PT","@id":"https:\/\/academia-software.com\/#\/schema\/logo\/image\/","url":"","contentUrl":"","caption":"Academia de Software"},"image":{"@id":"https:\/\/academia-software.com\/#\/schema\/logo\/image\/"},"sameAs":["https:\/\/www.facebook.com\/academiasoftware"]}]}},"_links":{"self":[{"href":"https:\/\/academia-software.com\/index.php?rest_route=\/wp\/v2\/pages\/14360","targetHints":{"allow":["GET"]}}],"collection":[{"href":"https:\/\/academia-software.com\/index.php?rest_route=\/wp\/v2\/pages"}],"about":[{"href":"https:\/\/academia-software.com\/index.php?rest_route=\/wp\/v2\/types\/page"}],"author":[{"embeddable":true,"href":"https:\/\/academia-software.com\/index.php?rest_route=\/wp\/v2\/users\/2"}],"replies":[{"embeddable":true,"href":"https:\/\/academia-software.com\/index.php?rest_route=%2Fwp%2Fv2%2Fcomments&post=14360"}],"version-history":[{"count":32,"href":"https:\/\/academia-software.com\/index.php?rest_route=\/wp\/v2\/pages\/14360\/revisions"}],"predecessor-version":[{"id":22140,"href":"https:\/\/academia-software.com\/index.php?rest_route=\/wp\/v2\/pages\/14360\/revisions\/22140"}],"wp:attachment":[{"href":"https:\/\/academia-software.com\/index.php?rest_route=%2Fwp%2Fv2%2Fmedia&parent=14360"}],"curies":[{"name":"wp","href":"https:\/\/api.w.org\/{rel}","templated":true}]}}