{"id":266,"date":"2022-11-22T15:17:05","date_gmt":"2022-11-22T15:17:05","guid":{"rendered":"https:\/\/temp.academia-software.com\/?page_id=266"},"modified":"2025-07-13T00:45:05","modified_gmt":"2025-07-12T23:45:05","slug":"aprendizagem","status":"publish","type":"page","link":"https:\/\/academia-software.com\/?page_id=266","title":{"rendered":"Aprendizagem"},"content":{"rendered":"\t\t<div data-elementor-type=\"wp-page\" data-elementor-id=\"266\" class=\"elementor elementor-266\" data-elementor-post-type=\"page\">\n\t\t\t\t<div class=\"elementor-element elementor-element-a3cbdaf e-con-full e-flex wpr-particle-no wpr-jarallax-no wpr-parallax-no wpr-sticky-section-no wpr-equal-height-no e-con e-parent\" data-id=\"a3cbdaf\" data-element_type=\"container\" data-e-type=\"container\">\n\t\t<div class=\"elementor-element elementor-element-5eef1fa e-flex e-con-boxed wpr-particle-no wpr-jarallax-no wpr-parallax-no wpr-sticky-section-no wpr-equal-height-no e-con e-child\" data-id=\"5eef1fa\" data-element_type=\"container\" data-e-type=\"container\">\n\t\t\t\t\t<div class=\"e-con-inner\">\n\t\t\t\t<div class=\"elementor-element elementor-element-e7b295b elementor-hidden-mobile elementor-widget elementor-widget-image\" data-id=\"e7b295b\" data-element_type=\"widget\" data-e-type=\"widget\" data-widget_type=\"image.default\">\n\t\t\t\t<div class=\"elementor-widget-container\">\n\t\t\t\t\t\t\t\t\t\t\t\t\t\t\t<img fetchpriority=\"high\" width=\"740\" height=\"70\"  class=\"attachment-medium_large size-medium_large wp-image-19520 lws-optimize-lazyload\" alt=\"\" srcset=\"https:\/\/academia-software.com\/wp-content\/uploads\/2025\/07\/Letras-Cursos-Aprendizagem-BIN_lwsoptimized.webp 740w, https:\/\/academia-software.com\/wp-content\/uploads\/2025\/07\/Letras-Cursos-Aprendizagem-BIN_lwsoptimized-300x28.webp 300w, https:\/\/academia-software.com\/wp-content\/uploads\/2025\/07\/Letras-Cursos-Aprendizagem-BIN_lwsoptimized-228x22.webp 228w\" sizes=\"(max-width: 740px) 100vw, 740px\" \/ data-src=\"https:\/\/academia-software.com\/wp-content\/uploads\/2025\/07\/Letras-Cursos-Aprendizagem-BIN_lwsoptimized.webp\">\t\t\t\t\t\t\t\t\t\t\t\t\t\t\t<\/div>\n\t\t\t\t<\/div>\n\t\t\t\t\t<\/div>\n\t\t\t\t<\/div>\n\t\t\t\t<\/div>\n\t\t<div class=\"elementor-element elementor-element-84194d7 e-flex e-con-boxed wpr-particle-no wpr-jarallax-no wpr-parallax-no wpr-sticky-section-no wpr-equal-height-no e-con e-parent\" data-id=\"84194d7\" data-element_type=\"container\" data-e-type=\"container\">\n\t\t\t\t\t<div class=\"e-con-inner\">\n\t\t\t\t\t<\/div>\n\t\t\t\t<\/div>\n\t\t<div class=\"elementor-element elementor-element-2614f10 elementor-hidden-desktop elementor-hidden-tablet e-flex e-con-boxed wpr-particle-no wpr-jarallax-no wpr-parallax-no wpr-sticky-section-no wpr-equal-height-no e-con e-parent\" data-id=\"2614f10\" data-element_type=\"container\" data-e-type=\"container\">\n\t\t\t\t\t<div class=\"e-con-inner\">\n\t\t\t\t<div class=\"elementor-element elementor-element-cf90551 elementor-widget elementor-widget-text-editor\" data-id=\"cf90551\" data-element_type=\"widget\" data-e-type=\"widget\" data-widget_type=\"text-editor.default\">\n\t\t\t\t<div class=\"elementor-widget-container\">\n\t\t\t\t\t\t\t\t\tCURSOS DE APRENDIZAGEM\t\t\t\t\t\t\t\t<\/div>\n\t\t\t\t<\/div>\n\t\t\t\t\t<\/div>\n\t\t\t\t<\/div>\n\t\t<div class=\"elementor-element elementor-element-0225c46 elementor-hidden-tablet elementor-hidden-mobile e-flex e-con-boxed wpr-particle-no wpr-jarallax-no wpr-parallax-no wpr-sticky-section-no wpr-equal-height-no e-con e-parent\" data-id=\"0225c46\" data-element_type=\"container\" data-e-type=\"container\">\n\t\t\t\t\t<div class=\"e-con-inner\">\n\t\t<div class=\"elementor-element elementor-element-0b3a945 e-flex e-con-boxed wpr-particle-no wpr-jarallax-no wpr-parallax-no wpr-sticky-section-no wpr-equal-height-no e-con e-child\" data-id=\"0b3a945\" data-element_type=\"container\" data-e-type=\"container\">\n\t\t\t\t\t<div class=\"e-con-inner\">\n\t\t\t\t<div class=\"elementor-element elementor-element-25a14d1 elementor-widget__width-initial elementor-widget-tablet__width-inherit elementor-widget elementor-widget-text-editor\" data-id=\"25a14d1\" data-element_type=\"widget\" data-e-type=\"widget\" data-widget_type=\"text-editor.default\">\n\t\t\t\t<div class=\"elementor-widget-container\">\n\t\t\t\t\t\t\t\t\t<h2>O que s\u00e3o?<\/h2><p>Os cursos de aprendizagem s\u00e3o cursos do ensino secund\u00e1rio dirigidos a jovens, que privilegiam a integra\u00e7\u00e3o no mercado de trabalho e permitem o prosseguimento de estudos. Com a dura\u00e7\u00e3o, aproximada, de dois anos e meio, conferem dupla certifica\u00e7\u00e3o, ou seja, o <span style=\"background: #000; color: #fff; padding: 0.1rem;\">12\u00ba ano e o n\u00edvel 4 do QNQ<\/span>.<\/p><p>Os cursos de aprendizagem t\u00eam uma forte componente t\u00e9cnica, n\u00e3o esquecendo a import\u00e2ncia do saber ser e do saber estar. S\u00e3o organizados por UFCDs &#8211; Unidades de Forma\u00e7\u00e3o de Curta Dura\u00e7\u00e3o o que permite flexibilidade e ritmos de aprendizagem diferenciados.<\/p><p>O plano de estudos \u00e9 composto por quatro componentes de forma\u00e7\u00e3o:\u00a0 <span style=\"background: #000; color: #fff; padding: 0.1rem;\">Sociocultural, Cient\u00edfica, Tecnol\u00f3gica<\/span>\u00a0e\u00a0 <span style=\"background: #000; color: #fff; padding: 0.1rem;\">Forma\u00e7\u00e3o Pr\u00e1tica em Contexto de Trabalho (FPCT)<\/span>.\u00a0A FPCT tem tr\u00eas momentos, um em cada ano de estudos.<\/p><p>Para a conclus\u00e3o dos cursos de aprendizagem \u00e9 ainda realizada uma Prova de Avalia\u00e7\u00e3o Final (PAF).<\/p>\t\t\t\t\t\t\t\t<\/div>\n\t\t\t\t<\/div>\n\t\t\t\t\t<\/div>\n\t\t\t\t<\/div>\n\t\t<div class=\"elementor-element elementor-element-ae58b7f e-flex e-con-boxed wpr-particle-no wpr-jarallax-no wpr-parallax-no wpr-sticky-section-no wpr-equal-height-no e-con e-child\" data-id=\"ae58b7f\" data-element_type=\"container\" data-e-type=\"container\">\n\t\t\t\t\t<div class=\"e-con-inner\">\n\t\t\t\t<div class=\"elementor-element elementor-element-be3c6d4 elementor-widget__width-initial elementor-widget-tablet__width-inherit elementor-widget elementor-widget-text-editor\" data-id=\"be3c6d4\" data-element_type=\"widget\" data-e-type=\"widget\" data-widget_type=\"text-editor.default\">\n\t\t\t\t<div class=\"elementor-widget-container\">\n\t\t\t\t\t\t\t\t\t<h2>Para quem s\u00e3o?<\/h2><p>Os Cursos de Aprendizagem destinam-se a jovens que devem reunir, cumulativamente, a idade e habilita\u00e7\u00f5es escolares que a seguir se indicam:<\/p><ul style=\"list-style: none; display: block;\"><li style=\"background: #000; color: #fff;\">\u00a0&gt; Idade inferior a 24 anos;<\/li><li style=\"background: #000; color: #fff;\">\u00a0&gt; 9\u00ba ano de escolaridade ou habilita\u00e7\u00e3o equivalente.<\/li><\/ul><h2>Certifica\u00e7\u00e3o<\/h2><p>Os cursos de aprendizagem permitem obter uma dupla certifica\u00e7\u00e3o: Escolar e Profissional. Ap\u00f3s a conclus\u00e3o do curso, ter\u00e1s o Ensino Secund\u00e1rio (12\u00ba ano) com o n\u00edvel 4.<\/p><h2>Hor\u00e1rio da Forma\u00e7\u00e3o<\/h2><p>Os hor\u00e1rios de forma\u00e7\u00e3o s\u00e3o entre as\u00a0<span style=\"background: #000; color: #fff;\">8h e as 20h<\/span>\u00a0dependendo se \u00e9 do per\u00edodo da manh\u00e3 ou da tarde.<\/p>\t\t\t\t\t\t\t\t<\/div>\n\t\t\t\t<\/div>\n\t\t\t\t\t<\/div>\n\t\t\t\t<\/div>\n\t\t\t\t\t<\/div>\n\t\t\t\t<\/div>\n\t\t<div class=\"elementor-element elementor-element-1ad36d6 elementor-hidden-desktop e-flex e-con-boxed wpr-particle-no wpr-jarallax-no wpr-parallax-no wpr-sticky-section-no wpr-equal-height-no e-con e-parent\" data-id=\"1ad36d6\" data-element_type=\"container\" data-e-type=\"container\">\n\t\t\t\t\t<div class=\"e-con-inner\">\n\t\t<div class=\"elementor-element elementor-element-ae091b8 e-flex e-con-boxed wpr-particle-no wpr-jarallax-no wpr-parallax-no wpr-sticky-section-no wpr-equal-height-no e-con e-child\" data-id=\"ae091b8\" data-element_type=\"container\" data-e-type=\"container\">\n\t\t\t\t\t<div class=\"e-con-inner\">\n\t\t\t\t<div class=\"elementor-element elementor-element-9b8b2c5 elementor-widget__width-initial elementor-widget-tablet__width-inherit elementor-widget elementor-widget-text-editor\" data-id=\"9b8b2c5\" data-element_type=\"widget\" data-e-type=\"widget\" data-widget_type=\"text-editor.default\">\n\t\t\t\t<div class=\"elementor-widget-container\">\n\t\t\t\t\t\t\t\t\t<h2>O que s\u00e3o?<\/h2><p>Os cursos de aprendizagem s\u00e3o cursos do ensino secund\u00e1rio dirigidos a jovens, que privilegiam a integra\u00e7\u00e3o no mercado de trabalho e permitem o prosseguimento de estudos. Com a dura\u00e7\u00e3o, aproximada, de dois anos e meio, conferem dupla certifica\u00e7\u00e3o, ou seja, o <span style=\"background: #000; color: #fff; padding: 0.1rem;\">12\u00ba ano e o n\u00edvel 4 do QNQ<\/span>.<\/p><p>Os cursos de aprendizagem t\u00eam uma forte componente t\u00e9cnica, n\u00e3o esquecendo a import\u00e2ncia do saber ser e do saber estar. S\u00e3o organizados por UFCDs &#8211; Unidades de Forma\u00e7\u00e3o de Curta Dura\u00e7\u00e3o o que permite flexibilidade e ritmos de aprendizagem diferenciados.<\/p><p>O plano de estudos \u00e9 composto por quatro componentes de forma\u00e7\u00e3o:\u00a0 <span style=\"background: #000; color: #fff; padding: 0.1rem;\">Sociocultural, Cient\u00edfica, Tecnol\u00f3gica<\/span>\u00a0e\u00a0 <span style=\"background: #000; color: #fff; padding: 0.1rem;\">Forma\u00e7\u00e3o Pr\u00e1tica em Contexto de Trabalho (FPCT)<\/span>.\u00a0A FPCT tem tr\u00eas momentos, um em cada ano de estudos.<\/p><p>Para a conclus\u00e3o dos cursos de aprendizagem \u00e9 ainda realizada uma Prova de Avalia\u00e7\u00e3o Final (PAF).<\/p>\t\t\t\t\t\t\t\t<\/div>\n\t\t\t\t<\/div>\n\t\t\t\t<div class=\"elementor-element elementor-element-84b3519 elementor-widget__width-initial elementor-widget-tablet__width-inherit elementor-hidden-desktop elementor-hidden-tablet elementor-widget elementor-widget-text-editor\" data-id=\"84b3519\" data-element_type=\"widget\" data-e-type=\"widget\" data-widget_type=\"text-editor.default\">\n\t\t\t\t<div class=\"elementor-widget-container\">\n\t\t\t\t\t\t\t\t\t<br>\n<h2>Para quem s\u00e3o?<\/h2>\n<p>Os Cursos de Aprendizagem destinam-se a jovens que devem reunir, cumulativamente, a idade e habilita\u00e7\u00f5es escolares que a seguir se indicam:<\/p>\n<ul style=\"list-style: none; display: block;\">\u00a0\n<li style=\"margin-top: -1rem; background: #000; color: #fff;\">Idade inferior a 24 anos;<\/li>\n\u00a0\n<li style=\"margin-top: -1rem; background: #000; color: #fff;\">9\u00ba anos de escolaridade ou habilita\u00e7\u00e3o equivalente.<\/li>\n<\/ul>\n<h2>Certifica\u00e7\u00e3o<\/h2>\n<p>Os cursos de aprendizagem permitem obter uma dupla certifica\u00e7\u00e3o: Escolar e Profissional. Ap\u00f3s a conclus\u00e3o do curso, ter\u00e1s o Ensino Secund\u00e1rio (12\u00ba ano) com o n\u00edvel 4.<\/p>\n<h2>Hor\u00e1rio da Forma\u00e7\u00e3o<\/h2>\n<p>Os hor\u00e1rios de forma\u00e7\u00e3o s\u00e3o entre as\u00a0<span style=\"background: #000; color: #fff;\">8h e as 20h<\/span>\u00a0dependendo se \u00e9 do per\u00edodo da manh\u00e3 ou da tarde.<\/p>\t\t\t\t\t\t\t\t<\/div>\n\t\t\t\t<\/div>\n\t\t\t\t\t<\/div>\n\t\t\t\t<\/div>\n\t\t\t\t\t<\/div>\n\t\t\t\t<\/div>\n\t\t<div class=\"elementor-element elementor-element-70a52f9 e-flex e-con-boxed wpr-particle-no wpr-jarallax-no wpr-parallax-no wpr-sticky-section-no wpr-equal-height-no e-con e-parent\" data-id=\"70a52f9\" data-element_type=\"container\" data-e-type=\"container\">\n\t\t\t\t\t<div class=\"e-con-inner\">\n\t\t\t\t<div class=\"elementor-element elementor-element-39a559d elementor-widget elementor-widget-image\" data-id=\"39a559d\" data-element_type=\"widget\" data-e-type=\"widget\" data-widget_type=\"image.default\">\n\t\t\t\t<div class=\"elementor-widget-container\">\n\t\t\t\t\t\t\t\t\t\t\t\t\t\t\t<img width=\"300\" height=\"87\"  class=\"attachment-medium size-medium wp-image-19492 lws-optimize-lazyload\" alt=\"\" srcset=\"https:\/\/academia-software.com\/wp-content\/uploads\/2025\/07\/Letras-Programacao_lwsoptimized-300x87.webp 300w, https:\/\/academia-software.com\/wp-content\/uploads\/2025\/07\/Letras-Programacao_lwsoptimized-1024x297.webp 1024w, https:\/\/academia-software.com\/wp-content\/uploads\/2025\/07\/Letras-Programacao_lwsoptimized-768x223.webp 768w, https:\/\/academia-software.com\/wp-content\/uploads\/2025\/07\/Letras-Programacao_lwsoptimized-228x66.webp 228w, https:\/\/academia-software.com\/wp-content\/uploads\/2025\/07\/Letras-Programacao_lwsoptimized.webp 1240w\" sizes=\"(max-width: 300px) 100vw, 300px\" \/ data-src=\"https:\/\/academia-software.com\/wp-content\/uploads\/2025\/07\/Letras-Programacao_lwsoptimized-300x87.webp\">\t\t\t\t\t\t\t\t\t\t\t\t\t\t\t<\/div>\n\t\t\t\t<\/div>\n\t\t\t\t<div class=\"elementor-element elementor-element-826d7fd elementor-widget__width-auto elementor-widget elementor-widget-button\" data-id=\"826d7fd\" data-element_type=\"widget\" data-e-type=\"widget\" data-widget_type=\"button.default\">\n\t\t\t\t<div class=\"elementor-widget-container\">\n\t\t\t\t\t\t\t\t\t<div class=\"elementor-button-wrapper\">\n\t\t\t\t\t<a class=\"elementor-button elementor-button-link elementor-size-lg\" href=\"https:\/\/academia-software.com\/?page_id=16288\">\n\t\t\t\t\t\t<span class=\"elementor-button-content-wrapper\">\n\t\t\t\t\t\t\t\t\t<span class=\"elementor-button-text\">+ SABER MAIS<\/span>\n\t\t\t\t\t<\/span>\n\t\t\t\t\t<\/a>\n\t\t\t\t<\/div>\n\t\t\t\t\t\t\t\t<\/div>\n\t\t\t\t<\/div>\n\t\t\t\t\t<\/div>\n\t\t\t\t<\/div>\n\t\t\t\t<\/div>\n\t\t","protected":false},"excerpt":{"rendered":"<p>CURSOS DE APRENDIZAGEM O que s\u00e3o? Os cursos de aprendizagem s\u00e3o cursos do ensino secund\u00e1rio dirigidos a jovens, que privilegiam a integra\u00e7\u00e3o no mercado de trabalho e permitem o prosseguimento &#8230;<\/p>\n","protected":false},"author":2,"featured_media":0,"parent":0,"menu_order":0,"comment_status":"closed","ping_status":"closed","template":"","meta":{"footnotes":""},"class_list":["post-266","page","type-page","status-publish","hentry"],"yoast_head":"<!-- This site is optimized with the Yoast SEO plugin v27.4 - https:\/\/yoast.com\/product\/yoast-seo-wordpress\/ -->\n<title>Aprendizagem - Academia de Software<\/title>\n<meta name=\"robots\" content=\"index, follow, max-snippet:-1, max-image-preview:large, max-video-preview:-1\" \/>\n<link rel=\"canonical\" href=\"https:\/\/academia-software.com\/?page_id=266\" \/>\n<meta property=\"og:locale\" content=\"pt_PT\" \/>\n<meta property=\"og:type\" content=\"article\" \/>\n<meta property=\"og:title\" content=\"Aprendizagem - Academia de Software\" \/>\n<meta property=\"og:description\" content=\"CURSOS DE APRENDIZAGEM O que s\u00e3o? Os cursos de aprendizagem s\u00e3o cursos do ensino secund\u00e1rio dirigidos a jovens, que privilegiam a integra\u00e7\u00e3o no mercado de trabalho e permitem o prosseguimento ...\" \/>\n<meta property=\"og:url\" content=\"https:\/\/academia-software.com\/?page_id=266\" \/>\n<meta property=\"og:site_name\" content=\"Academia de Software\" \/>\n<meta property=\"article:publisher\" content=\"https:\/\/www.facebook.com\/academiasoftware\" \/>\n<meta property=\"article:modified_time\" content=\"2025-07-12T23:45:05+00:00\" \/>\n<meta property=\"og:image\" content=\"https:\/\/academia-software.com\/wp-content\/uploads\/2025\/07\/Letras-Cursos-Aprendizagem-BIN_lwsoptimized.webp\" \/>\n\t<meta property=\"og:image:width\" content=\"740\" \/>\n\t<meta property=\"og:image:height\" content=\"70\" \/>\n\t<meta property=\"og:image:type\" content=\"image\/webp\" \/>\n<script type=\"application\/ld+json\" class=\"yoast-schema-graph\">{\"@context\":\"https:\\\/\\\/schema.org\",\"@graph\":[{\"@type\":\"WebPage\",\"@id\":\"https:\\\/\\\/academia-software.com\\\/?page_id=266\",\"url\":\"https:\\\/\\\/academia-software.com\\\/?page_id=266\",\"name\":\"Aprendizagem - Academia de Software\",\"isPartOf\":{\"@id\":\"https:\\\/\\\/academia-software.com\\\/#website\"},\"primaryImageOfPage\":{\"@id\":\"https:\\\/\\\/academia-software.com\\\/?page_id=266#primaryimage\"},\"image\":{\"@id\":\"https:\\\/\\\/academia-software.com\\\/?page_id=266#primaryimage\"},\"thumbnailUrl\":\"https:\\\/\\\/academia-software.com\\\/wp-content\\\/uploads\\\/2025\\\/07\\\/Letras-Cursos-Aprendizagem-BIN.png\",\"datePublished\":\"2022-11-22T15:17:05+00:00\",\"dateModified\":\"2025-07-12T23:45:05+00:00\",\"breadcrumb\":{\"@id\":\"https:\\\/\\\/academia-software.com\\\/?page_id=266#breadcrumb\"},\"inLanguage\":\"pt-PT\",\"potentialAction\":[{\"@type\":\"ReadAction\",\"target\":[\"https:\\\/\\\/academia-software.com\\\/?page_id=266\"]}]},{\"@type\":\"ImageObject\",\"inLanguage\":\"pt-PT\",\"@id\":\"https:\\\/\\\/academia-software.com\\\/?page_id=266#primaryimage\",\"url\":\"https:\\\/\\\/academia-software.com\\\/wp-content\\\/uploads\\\/2025\\\/07\\\/Letras-Cursos-Aprendizagem-BIN_lwsoptimized.webp\",\"contentUrl\":\"https:\\\/\\\/academia-software.com\\\/wp-content\\\/uploads\\\/2025\\\/07\\\/Letras-Cursos-Aprendizagem-BIN_lwsoptimized.webp\",\"width\":740,\"height\":70},{\"@type\":\"BreadcrumbList\",\"@id\":\"https:\\\/\\\/academia-software.com\\\/?page_id=266#breadcrumb\",\"itemListElement\":[{\"@type\":\"ListItem\",\"position\":1,\"name\":\"In\u00edcio\",\"item\":\"https:\\\/\\\/academia-software.com\\\/\"},{\"@type\":\"ListItem\",\"position\":2,\"name\":\"Aprendizagem\"}]},{\"@type\":\"WebSite\",\"@id\":\"https:\\\/\\\/academia-software.com\\\/#website\",\"url\":\"https:\\\/\\\/academia-software.com\\\/\",\"name\":\"Academia de Software\",\"description\":\"Forma\u00e7\u00e3o Profissional\",\"publisher\":{\"@id\":\"https:\\\/\\\/academia-software.com\\\/#organization\"},\"alternateName\":\"Academia de Software :: A better way to learn\",\"potentialAction\":[{\"@type\":\"SearchAction\",\"target\":{\"@type\":\"EntryPoint\",\"urlTemplate\":\"https:\\\/\\\/academia-software.com\\\/?s={search_term_string}\"},\"query-input\":{\"@type\":\"PropertyValueSpecification\",\"valueRequired\":true,\"valueName\":\"search_term_string\"}}],\"inLanguage\":\"pt-PT\"},{\"@type\":\"Organization\",\"@id\":\"https:\\\/\\\/academia-software.com\\\/#organization\",\"name\":\"Academia de Software\",\"alternateName\":\"Academia de Software Lda.\",\"url\":\"https:\\\/\\\/academia-software.com\\\/\",\"logo\":{\"@type\":\"ImageObject\",\"inLanguage\":\"pt-PT\",\"@id\":\"https:\\\/\\\/academia-software.com\\\/#\\\/schema\\\/logo\\\/image\\\/\",\"url\":\"\",\"contentUrl\":\"\",\"caption\":\"Academia de Software\"},\"image\":{\"@id\":\"https:\\\/\\\/academia-software.com\\\/#\\\/schema\\\/logo\\\/image\\\/\"},\"sameAs\":[\"https:\\\/\\\/www.facebook.com\\\/academiasoftware\"]}]}<\/script>\n<!-- \/ Yoast SEO plugin. -->","yoast_head_json":{"title":"Aprendizagem - Academia de Software","robots":{"index":"index","follow":"follow","max-snippet":"max-snippet:-1","max-image-preview":"max-image-preview:large","max-video-preview":"max-video-preview:-1"},"canonical":"https:\/\/academia-software.com\/?page_id=266","og_locale":"pt_PT","og_type":"article","og_title":"Aprendizagem - Academia de Software","og_description":"CURSOS DE APRENDIZAGEM O que s\u00e3o? Os cursos de aprendizagem s\u00e3o cursos do ensino secund\u00e1rio dirigidos a jovens, que privilegiam a integra\u00e7\u00e3o no mercado de trabalho e permitem o prosseguimento ...","og_url":"https:\/\/academia-software.com\/?page_id=266","og_site_name":"Academia de Software","article_publisher":"https:\/\/www.facebook.com\/academiasoftware","article_modified_time":"2025-07-12T23:45:05+00:00","og_image":[{"width":740,"height":70,"url":"https:\/\/academia-software.com\/wp-content\/uploads\/2025\/07\/Letras-Cursos-Aprendizagem-BIN_lwsoptimized.webp","type":"image\/webp"}],"schema":{"@context":"https:\/\/schema.org","@graph":[{"@type":"WebPage","@id":"https:\/\/academia-software.com\/?page_id=266","url":"https:\/\/academia-software.com\/?page_id=266","name":"Aprendizagem - Academia de Software","isPartOf":{"@id":"https:\/\/academia-software.com\/#website"},"primaryImageOfPage":{"@id":"https:\/\/academia-software.com\/?page_id=266#primaryimage"},"image":{"@id":"https:\/\/academia-software.com\/?page_id=266#primaryimage"},"thumbnailUrl":"https:\/\/academia-software.com\/wp-content\/uploads\/2025\/07\/Letras-Cursos-Aprendizagem-BIN.png","datePublished":"2022-11-22T15:17:05+00:00","dateModified":"2025-07-12T23:45:05+00:00","breadcrumb":{"@id":"https:\/\/academia-software.com\/?page_id=266#breadcrumb"},"inLanguage":"pt-PT","potentialAction":[{"@type":"ReadAction","target":["https:\/\/academia-software.com\/?page_id=266"]}]},{"@type":"ImageObject","inLanguage":"pt-PT","@id":"https:\/\/academia-software.com\/?page_id=266#primaryimage","url":"https:\/\/academia-software.com\/wp-content\/uploads\/2025\/07\/Letras-Cursos-Aprendizagem-BIN_lwsoptimized.webp","contentUrl":"https:\/\/academia-software.com\/wp-content\/uploads\/2025\/07\/Letras-Cursos-Aprendizagem-BIN_lwsoptimized.webp","width":740,"height":70},{"@type":"BreadcrumbList","@id":"https:\/\/academia-software.com\/?page_id=266#breadcrumb","itemListElement":[{"@type":"ListItem","position":1,"name":"In\u00edcio","item":"https:\/\/academia-software.com\/"},{"@type":"ListItem","position":2,"name":"Aprendizagem"}]},{"@type":"WebSite","@id":"https:\/\/academia-software.com\/#website","url":"https:\/\/academia-software.com\/","name":"Academia de Software","description":"Forma\u00e7\u00e3o Profissional","publisher":{"@id":"https:\/\/academia-software.com\/#organization"},"alternateName":"Academia de Software :: A better way to learn","potentialAction":[{"@type":"SearchAction","target":{"@type":"EntryPoint","urlTemplate":"https:\/\/academia-software.com\/?s={search_term_string}"},"query-input":{"@type":"PropertyValueSpecification","valueRequired":true,"valueName":"search_term_string"}}],"inLanguage":"pt-PT"},{"@type":"Organization","@id":"https:\/\/academia-software.com\/#organization","name":"Academia de Software","alternateName":"Academia de Software Lda.","url":"https:\/\/academia-software.com\/","logo":{"@type":"ImageObject","inLanguage":"pt-PT","@id":"https:\/\/academia-software.com\/#\/schema\/logo\/image\/","url":"","contentUrl":"","caption":"Academia de Software"},"image":{"@id":"https:\/\/academia-software.com\/#\/schema\/logo\/image\/"},"sameAs":["https:\/\/www.facebook.com\/academiasoftware"]}]}},"_links":{"self":[{"href":"https:\/\/academia-software.com\/index.php?rest_route=\/wp\/v2\/pages\/266","targetHints":{"allow":["GET"]}}],"collection":[{"href":"https:\/\/academia-software.com\/index.php?rest_route=\/wp\/v2\/pages"}],"about":[{"href":"https:\/\/academia-software.com\/index.php?rest_route=\/wp\/v2\/types\/page"}],"author":[{"embeddable":true,"href":"https:\/\/academia-software.com\/index.php?rest_route=\/wp\/v2\/users\/2"}],"replies":[{"embeddable":true,"href":"https:\/\/academia-software.com\/index.php?rest_route=%2Fwp%2Fv2%2Fcomments&post=266"}],"version-history":[{"count":26,"href":"https:\/\/academia-software.com\/index.php?rest_route=\/wp\/v2\/pages\/266\/revisions"}],"predecessor-version":[{"id":19555,"href":"https:\/\/academia-software.com\/index.php?rest_route=\/wp\/v2\/pages\/266\/revisions\/19555"}],"wp:attachment":[{"href":"https:\/\/academia-software.com\/index.php?rest_route=%2Fwp%2Fv2%2Fmedia&parent=266"}],"curies":[{"name":"wp","href":"https:\/\/api.w.org\/{rel}","templated":true}]}}