{"id":298,"date":"2022-11-22T15:58:09","date_gmt":"2022-11-22T15:58:09","guid":{"rendered":"https:\/\/temp.academia-software.com\/?page_id=298"},"modified":"2023-06-19T11:07:19","modified_gmt":"2023-06-19T10:07:19","slug":"politica-de-privacidade","status":"publish","type":"page","link":"https:\/\/academia-software.com\/?page_id=298","title":{"rendered":"Pol\u00edtica de Privacidade"},"content":{"rendered":"\t\t<div data-elementor-type=\"wp-page\" data-elementor-id=\"298\" class=\"elementor elementor-298\" data-elementor-post-type=\"page\">\n\t\t\t\t<div class=\"elementor-element elementor-element-ac619e4 e-flex e-con-boxed wpr-particle-no wpr-jarallax-no wpr-parallax-no wpr-sticky-section-no wpr-equal-height-no e-con e-parent\" data-id=\"ac619e4\" data-element_type=\"container\" data-e-type=\"container\">\n\t\t\t\t\t<div class=\"e-con-inner\">\n\t\t\t\t<div class=\"elementor-element elementor-element-db6f5ff elementor-widget elementor-widget-text-editor\" data-id=\"db6f5ff\" data-element_type=\"widget\" data-e-type=\"widget\" data-widget_type=\"text-editor.default\">\n\t\t\t\t<div class=\"elementor-widget-container\">\n\t\t\t\t\t\t\t\t\t<h3>&nbsp;<\/h3>\n<h3>Termos de utiliza\u00e7\u00e3o e pol\u00edtica de privacidade da Academia de Software, Lda<\/h3>\n<p><\/p>\n<p style=\"padding-left: 40px;\">A nossa pol\u00edtica de privacidade destina-se a garantir que todas as suas informa\u00e7\u00f5es pessoais recolhidas, ser\u00e3o usadas exclusivamente para o ajudar a tornar a sua visita no nosso site o mais produtivo e agrad\u00e1vel poss\u00edvel. A garantia da confidencialidade dos dados pessoais dos utilizadores do nosso site \u00e9 importante para a Academia de Software. A nossa pol\u00edtica de privacidade destina-se a ajudar o utilizador a entender quais os dados que recolhemos, por que \u00e9 que os recolhemos e o que deles fazemos. Ao aceder e utilizar este site, seu conte\u00fado e\/ou aos nossos servi\u00e7os, aceita e consente expressamente no processamento dos seus dados pessoais nos termos constantes desta pol\u00edtica de privacidade.<\/p>\n<h4 style=\"padding-left: 80px;\">I. RESPONS\u00c1VEL PELO TRATAMENTO DE DADOS<\/h4>\n<p style=\"padding-left: 80px;\">A Academia de Software, Lda. \u00e9 a entidade respons\u00e1vel pela recolha e tratamento dos dados pessoais dos utilizadores definindo as condi\u00e7\u00f5es t\u00e9cnicas de armazenamento tratamento e seguran\u00e7a dos dados recolhidos bem como a finalidade a que se destinam segundo os termos da presente pol\u00edtica de privacidade, a Lei n.\u00ba 67\/98, de 26 de Outubro e o Regulamento(UE) 2016\/679 do Parlamento e do Conselho de 27 de abril de 2016 em vigor.<\/p>\n<h4 style=\"padding-left: 80px;\">II. INFORMA\u00c7\u00c3O PROCESSADA<\/h4>\n<p style=\"padding-left: 80px;\">A informa\u00e7\u00e3o processada poder\u00e1 conter: o seu nome, endere\u00e7o de correio eletr\u00f3nico, telefone, bem como qualquer outro tipo de informa\u00e7\u00e3o que nos poder\u00e1 disponibilizar voluntariamente quando subscreve os nossos produtos ou servi\u00e7os.Quando navega no nosso site, este recolhe automaticamente informa\u00e7\u00e3o relacionada com a sua visita (incluindo o endere\u00e7o de IP e visualiza\u00e7\u00f5es de p\u00e1ginas) com fins meramente estat\u00edsticos.A Academia poder\u00e1 recolher os seguintes dados: nome, endere\u00e7o de correio eletr\u00f3nico, telefone, data de nascimento, situa\u00e7\u00e3o profissional e IP, apenas e ap\u00f3s ter obtido o seu consentimento, sendo tratados em conformidade com a legisla\u00e7\u00e3o, nomeadamente atrav\u00e9s do armazenamento em bases de dados devidamente seguras e protegidas, n\u00e3o sendo utilizados para qualquer outa finalidade que n\u00e3o seja aquela para a qual foi obtido o consentimento.<\/p>\n<h4 style=\"padding-left: 80px;\">III. FINALIDADE DOS DADOS PESSOAIS RECOLHIDOS<\/h4>\n<p style=\"padding-left: 80px;\">Segundo a atual legisla\u00e7\u00e3o em vigor, por dados pessoais entende-se qualquer informa\u00e7\u00e3o, de qualquer natureza e independentemente do respetivo suporte, relativa a uma pessoa singular identificada ou identific\u00e1vel (\u00e9 considerada identific\u00e1vel a pessoa que possa ser identificada direta ou indiretamente, designadamente por refer\u00eancia a um n\u00famero de identifica\u00e7\u00e3o ou a um ou mais elementos espec\u00edficos da sua identidade f\u00edsica, fisiol\u00f3gica, ps\u00edquica, econ\u00f3mica, cultural ou social). Os dados pessoais recolhidos destinam-se \u00e0 gest\u00e3o da rela\u00e7\u00e3o comercial e contratual, \u00e0 adapta\u00e7\u00e3o dos servi\u00e7os \u00e0s necessidades e interesses do cliente, a a\u00e7\u00f5es de informa\u00e7\u00e3o, marketing de produtos e servi\u00e7os.<\/p>\n<h4 style=\"padding-left: 80px;\">IV. UTILIZA\u00c7\u00c3O DE COOKIES<\/h4>\n<p style=\"padding-left: 80px;\">Um \u201ccookie\u201d \u00e9 um ficheiro que \u00e9 guardado no computador de cada utilizador ao aceder a determinadas p\u00e1ginas da Internet, designadamente permitindo armazenar e recuperar informa\u00e7\u00e3o sobre os h\u00e1bitos de navega\u00e7\u00e3o de um utilizador de um equipamento, e, dependendo da informa\u00e7\u00e3o que contenham e da forma como \u00e9 utilizado o equipamento, podem ser utilizadas para reconhecimento do utilizador. Os \u201ccookies\u201d utilizados pela Academia de Software, Lda. respeitam o anonimato e n\u00e3o ser\u00e3o usados para recolher qualquer informa\u00e7\u00e3o de car\u00e1ter pessoal. No site da Academia de Software \u00e9 utilizado o servi\u00e7o Google Analytics cujas informa\u00e7\u00f5es armazenadas nos \u201ccookies\u201d s\u00e3o mantidas pelo Google para fins estat\u00edsticos e de an\u00e1lise de pesquisas. A sua pol\u00edtica de privacidade pode ser consultada em:https:\/\/policies.google.com\/privacy\/update. Poder\u00e1 desligar os cookies, nas op\u00e7\u00f5es do seu browser, ou efetuando altera\u00e7\u00f5es nas ferramentas de programa antiv\u00edrus. No entanto, isso poder\u00e1 alterar a forma como interage com o nosso website, ou outros websites tornando-a menos eficaz.<\/p>\n<h4 style=\"letter-spacing: normal; padding-left: 80px;\">V. HIPERLIGA\u00c7\u00d5ES PARA TERCEIROS<\/h4>\n<p style=\"padding-left: 80px;\">Um \u201ccookie\u201d \u00e9 um ficheiro que \u00e9 guardado no computador de cada utilizador ao aceder a determinadas p\u00e1ginas da Internet, designadamente permitindo armazenar e recuperar informa\u00e7\u00e3o sobre os h\u00e1bitos de navega\u00e7\u00e3o de um utilizador de um equipamento, e, dependendo da informa\u00e7\u00e3o que contenham e da forma como \u00e9 utilizado o equipamento, podem ser utilizadas para reconhecimento do utilizador. Os \u201ccookies\u201d utilizados pela Academia de Software, Lda. respeitam o anonimato e n\u00e3o ser\u00e3o usados para recolher qualquer informa\u00e7\u00e3o de car\u00e1ter pessoal.No site da Academia de Software \u00e9 utilizado o servi\u00e7o Google Analytics cujas informa\u00e7\u00f5es armazenadas nos \u201ccookies\u201d s\u00e3o mantidas pelo Google para fins estat\u00edsticos e de an\u00e1lise de pesquisas. A sua pol\u00edtica de privacidade pode ser consultada em:https:\/\/policies.google.com\/privacy\/updateVoc\u00ea poder\u00e1 desligar os cookies, nas op\u00e7\u00f5es do seu browser, ou efetuando altera\u00e7\u00f5es nas ferramentas de programa antiv\u00edrus. No entanto, isso poder\u00e1 alterar a forma como interage com o nosso website, ou outros websites tornando-a menos eficaz.<\/p>\n<h4 style=\"letter-spacing: normal; padding-left: 80px;\">VI. ARMAZENAMENTO DE DADOS E SEGURAN\u00c7A<\/h4>\n<p style=\"padding-left: 80px;\">A Academia de Software, Lda. , garante a seguran\u00e7a dos dados pessoais disponibilizados atrav\u00e9s da ado\u00e7\u00e3o de diversas medidas de seguran\u00e7a, de car\u00e1cter t\u00e9cnico e organizativo, para prote\u00e7\u00e3o dos dados pessoais contra a sua difus\u00e3o, perda, uso indevido, altera\u00e7\u00e3o, tratamento ou acesso n\u00e3o autorizado bem como, contra qualquer outra forma de tratamento il\u00edcito durante o tempo e de acordo com o definido na legisla\u00e7\u00e3o aplic\u00e1vel.Nos casos em que n\u00e3o exista uma exig\u00eancia legal espec\u00edfica, os dados ser\u00e3o armazenados e conservados durante cinco (5) anos ap\u00f3s a sua recolha, num servidor seguro e de acesso condicionado, n\u00e3o sendo recolhidos ou armazenados de forma consciente dados de crian\u00e7as abaixo dos 13 anos de idade ou do limite de idade aplicado aos produtos ou servi\u00e7os disponibilizados pela Academia de Software, Lda.No entanto, apesar de todos os esfor\u00e7os razo\u00e1veis por parte da Academia de Software em armazenar dados pessoais recolhidos, n\u00e3o \u00e9 poss\u00edvel garantir em absoluto a seguran\u00e7a e a autenticidade da informa\u00e7\u00e3o enviada por via eletr\u00f3nica atrav\u00e9s da Internet. Ao utilizar o nosso site e ao fornecer os seus dados pessoais volunt\u00e1ria e expressamente est\u00e1 consciente que partilha em conjunto com a Academia de Software o risco do envio de dados pessoais dessa forma.<\/p>\n<h4 style=\"letter-spacing: normal; padding-left: 80px;\">VII. TRATAMENTO DE DADOS PESSOAIS<\/h4>\n<p style=\"padding-left: 80px;\">Ao aceitar expressamente a nossa pol\u00edtica de privacidade autoriza que a recolha dos seus dados pessoais, nome completo, endere\u00e7o de correio eletr\u00f3nico, n\u00famero de telefone, e IP, ou outros que venham a ser solicitados ou opcionalmente fornecidos por si, sejam recolhidos e tratados, nos termos previstos na presente pol\u00edtica.<\/p>\n<h4 style=\"letter-spacing: normal; padding-left: 80px;\">VIII. DIREITOS DO TITULAR DOS DADOS PESSOAIS<\/h4>\n<p style=\"padding-left: 80px;\">\u00c9 garantido ao titular dos dados, o direito de acesso, atualiza\u00e7\u00e3o, retifica\u00e7\u00e3o ou elimina\u00e7\u00e3o dos seus dados pessoais, a todo o tempo, bem como o direito de oposi\u00e7\u00e3o \u00e0 utiliza\u00e7\u00e3o dos dados facultados para os fins para os quais foram recolhidos, devendo para tal enviar um mail para info@academia-software ou solicitar via telef\u00f3nica ou pessoalmente nas nossas instala\u00e7\u00f5es (<a href=\"https:\/\/academia-software.com\/?page_id=771\">Contatos \u2013 Academia de Software (academia-software.com)<\/a>.<\/p>\n<h4 style=\"letter-spacing: normal; padding-left: 80px;\">IX. ALTERA\u00c7\u00d5ES \u00c0 POL\u00cdTICA DE PRIVACIDADE<\/h4>\n<p style=\"padding-left: 80px;\">A Academia de Software reserva o direito, a qualquer momento, de alterar, modificar, aditar ou retificar a presente pol\u00edtica de privacidade, sem necessidade de qualquer aviso pr\u00e9vio, sendo essas altera\u00e7\u00f5es publicitadas.<\/p>\n<h4 style=\"letter-spacing: normal; padding-left: 80px;\">X. CONSENTIMENTO DO UTILIZADOR<\/h4>\n<p style=\"padding-left: 80px;\">A utiliza\u00e7\u00e3o do site <a href=\"https:\/\/www.academia-software.com\">www.academia-software.com<\/a> pressup\u00f5e que os seus utilizadores conhecem e aceitam os termos definidos na presente pol\u00edtica de privacidade.<\/p>\n<p style=\"padding-left: 80px;\">\n<\/p><p style=\"padding-left: 80px;\">\n<\/p><div>&nbsp;<\/div>\n<div>&nbsp;<\/div>\n<div>&nbsp;<\/div>\t\t\t\t\t\t\t\t<\/div>\n\t\t\t\t<\/div>\n\t\t\t\t\t<\/div>\n\t\t\t\t<\/div>\n\t\t\t\t<\/div>\n\t\t","protected":false},"excerpt":{"rendered":"<p>&nbsp; Termos de utiliza\u00e7\u00e3o e pol\u00edtica de privacidade da Academia de Software, Lda A nossa pol\u00edtica de privacidade destina-se a garantir que todas as suas informa\u00e7\u00f5es pessoais recolhidas, ser\u00e3o usadas &#8230;<\/p>\n","protected":false},"author":2,"featured_media":0,"parent":0,"menu_order":0,"comment_status":"closed","ping_status":"closed","template":"","meta":{"footnotes":""},"class_list":["post-298","page","type-page","status-publish","hentry"],"yoast_head":"<!-- This site is optimized with the Yoast SEO plugin v27.4 - https:\/\/yoast.com\/product\/yoast-seo-wordpress\/ -->\n<title>Pol\u00edtica de Privacidade - Academia de Software<\/title>\n<meta name=\"robots\" content=\"index, follow, max-snippet:-1, max-image-preview:large, max-video-preview:-1\" \/>\n<link rel=\"canonical\" href=\"https:\/\/academia-software.com\/?page_id=298\" \/>\n<meta property=\"og:locale\" content=\"pt_PT\" \/>\n<meta property=\"og:type\" content=\"article\" \/>\n<meta property=\"og:title\" content=\"Pol\u00edtica de Privacidade - Academia de Software\" \/>\n<meta property=\"og:description\" content=\"&nbsp; Termos de utiliza\u00e7\u00e3o e pol\u00edtica de privacidade da Academia de Software, Lda A nossa pol\u00edtica de privacidade destina-se a garantir que todas as suas informa\u00e7\u00f5es pessoais recolhidas, ser\u00e3o usadas ...\" \/>\n<meta property=\"og:url\" content=\"https:\/\/academia-software.com\/?page_id=298\" \/>\n<meta property=\"og:site_name\" content=\"Academia de Software\" \/>\n<meta property=\"article:publisher\" content=\"https:\/\/www.facebook.com\/academiasoftware\" \/>\n<meta property=\"article:modified_time\" content=\"2023-06-19T10:07:19+00:00\" \/>\n<script type=\"application\/ld+json\" class=\"yoast-schema-graph\">{\"@context\":\"https:\\\/\\\/schema.org\",\"@graph\":[{\"@type\":\"WebPage\",\"@id\":\"https:\\\/\\\/academia-software.com\\\/?page_id=298\",\"url\":\"https:\\\/\\\/academia-software.com\\\/?page_id=298\",\"name\":\"Pol\u00edtica de Privacidade - Academia de Software\",\"isPartOf\":{\"@id\":\"https:\\\/\\\/academia-software.com\\\/#website\"},\"datePublished\":\"2022-11-22T15:58:09+00:00\",\"dateModified\":\"2023-06-19T10:07:19+00:00\",\"breadcrumb\":{\"@id\":\"https:\\\/\\\/academia-software.com\\\/?page_id=298#breadcrumb\"},\"inLanguage\":\"pt-PT\",\"potentialAction\":[{\"@type\":\"ReadAction\",\"target\":[\"https:\\\/\\\/academia-software.com\\\/?page_id=298\"]}]},{\"@type\":\"BreadcrumbList\",\"@id\":\"https:\\\/\\\/academia-software.com\\\/?page_id=298#breadcrumb\",\"itemListElement\":[{\"@type\":\"ListItem\",\"position\":1,\"name\":\"In\u00edcio\",\"item\":\"https:\\\/\\\/academia-software.com\\\/\"},{\"@type\":\"ListItem\",\"position\":2,\"name\":\"Pol\u00edtica de Privacidade\"}]},{\"@type\":\"WebSite\",\"@id\":\"https:\\\/\\\/academia-software.com\\\/#website\",\"url\":\"https:\\\/\\\/academia-software.com\\\/\",\"name\":\"Academia de Software\",\"description\":\"Forma\u00e7\u00e3o Profissional\",\"publisher\":{\"@id\":\"https:\\\/\\\/academia-software.com\\\/#organization\"},\"alternateName\":\"Academia de Software :: A better way to learn\",\"potentialAction\":[{\"@type\":\"SearchAction\",\"target\":{\"@type\":\"EntryPoint\",\"urlTemplate\":\"https:\\\/\\\/academia-software.com\\\/?s={search_term_string}\"},\"query-input\":{\"@type\":\"PropertyValueSpecification\",\"valueRequired\":true,\"valueName\":\"search_term_string\"}}],\"inLanguage\":\"pt-PT\"},{\"@type\":\"Organization\",\"@id\":\"https:\\\/\\\/academia-software.com\\\/#organization\",\"name\":\"Academia de Software\",\"alternateName\":\"Academia de Software Lda.\",\"url\":\"https:\\\/\\\/academia-software.com\\\/\",\"logo\":{\"@type\":\"ImageObject\",\"inLanguage\":\"pt-PT\",\"@id\":\"https:\\\/\\\/academia-software.com\\\/#\\\/schema\\\/logo\\\/image\\\/\",\"url\":\"\",\"contentUrl\":\"\",\"caption\":\"Academia de Software\"},\"image\":{\"@id\":\"https:\\\/\\\/academia-software.com\\\/#\\\/schema\\\/logo\\\/image\\\/\"},\"sameAs\":[\"https:\\\/\\\/www.facebook.com\\\/academiasoftware\"]}]}<\/script>\n<!-- \/ Yoast SEO plugin. -->","yoast_head_json":{"title":"Pol\u00edtica de Privacidade - Academia de Software","robots":{"index":"index","follow":"follow","max-snippet":"max-snippet:-1","max-image-preview":"max-image-preview:large","max-video-preview":"max-video-preview:-1"},"canonical":"https:\/\/academia-software.com\/?page_id=298","og_locale":"pt_PT","og_type":"article","og_title":"Pol\u00edtica de Privacidade - Academia de Software","og_description":"&nbsp; Termos de utiliza\u00e7\u00e3o e pol\u00edtica de privacidade da Academia de Software, Lda A nossa pol\u00edtica de privacidade destina-se a garantir que todas as suas informa\u00e7\u00f5es pessoais recolhidas, ser\u00e3o usadas ...","og_url":"https:\/\/academia-software.com\/?page_id=298","og_site_name":"Academia de Software","article_publisher":"https:\/\/www.facebook.com\/academiasoftware","article_modified_time":"2023-06-19T10:07:19+00:00","schema":{"@context":"https:\/\/schema.org","@graph":[{"@type":"WebPage","@id":"https:\/\/academia-software.com\/?page_id=298","url":"https:\/\/academia-software.com\/?page_id=298","name":"Pol\u00edtica de Privacidade - Academia de Software","isPartOf":{"@id":"https:\/\/academia-software.com\/#website"},"datePublished":"2022-11-22T15:58:09+00:00","dateModified":"2023-06-19T10:07:19+00:00","breadcrumb":{"@id":"https:\/\/academia-software.com\/?page_id=298#breadcrumb"},"inLanguage":"pt-PT","potentialAction":[{"@type":"ReadAction","target":["https:\/\/academia-software.com\/?page_id=298"]}]},{"@type":"BreadcrumbList","@id":"https:\/\/academia-software.com\/?page_id=298#breadcrumb","itemListElement":[{"@type":"ListItem","position":1,"name":"In\u00edcio","item":"https:\/\/academia-software.com\/"},{"@type":"ListItem","position":2,"name":"Pol\u00edtica de Privacidade"}]},{"@type":"WebSite","@id":"https:\/\/academia-software.com\/#website","url":"https:\/\/academia-software.com\/","name":"Academia de Software","description":"Forma\u00e7\u00e3o Profissional","publisher":{"@id":"https:\/\/academia-software.com\/#organization"},"alternateName":"Academia de Software :: A better way to learn","potentialAction":[{"@type":"SearchAction","target":{"@type":"EntryPoint","urlTemplate":"https:\/\/academia-software.com\/?s={search_term_string}"},"query-input":{"@type":"PropertyValueSpecification","valueRequired":true,"valueName":"search_term_string"}}],"inLanguage":"pt-PT"},{"@type":"Organization","@id":"https:\/\/academia-software.com\/#organization","name":"Academia de Software","alternateName":"Academia de Software Lda.","url":"https:\/\/academia-software.com\/","logo":{"@type":"ImageObject","inLanguage":"pt-PT","@id":"https:\/\/academia-software.com\/#\/schema\/logo\/image\/","url":"","contentUrl":"","caption":"Academia de Software"},"image":{"@id":"https:\/\/academia-software.com\/#\/schema\/logo\/image\/"},"sameAs":["https:\/\/www.facebook.com\/academiasoftware"]}]}},"_links":{"self":[{"href":"https:\/\/academia-software.com\/index.php?rest_route=\/wp\/v2\/pages\/298","targetHints":{"allow":["GET"]}}],"collection":[{"href":"https:\/\/academia-software.com\/index.php?rest_route=\/wp\/v2\/pages"}],"about":[{"href":"https:\/\/academia-software.com\/index.php?rest_route=\/wp\/v2\/types\/page"}],"author":[{"embeddable":true,"href":"https:\/\/academia-software.com\/index.php?rest_route=\/wp\/v2\/users\/2"}],"replies":[{"embeddable":true,"href":"https:\/\/academia-software.com\/index.php?rest_route=%2Fwp%2Fv2%2Fcomments&post=298"}],"version-history":[{"count":0,"href":"https:\/\/academia-software.com\/index.php?rest_route=\/wp\/v2\/pages\/298\/revisions"}],"wp:attachment":[{"href":"https:\/\/academia-software.com\/index.php?rest_route=%2Fwp%2Fv2%2Fmedia&parent=298"}],"curies":[{"name":"wp","href":"https:\/\/api.w.org\/{rel}","templated":true}]}}